{"id":2204,"date":"2023-04-05T12:05:04","date_gmt":"2023-04-05T10:05:04","guid":{"rendered":"http:\/\/intradecom.com\/?page_id=2204"},"modified":"2023-04-07T16:53:35","modified_gmt":"2023-04-07T14:53:35","slug":"services","status":"publish","type":"page","link":"https:\/\/intradecom.com\/en\/services\/","title":{"rendered":"Services"},"content":{"rendered":"\n<div class=\"wp-block-group is-layout-constrained wp-container-core-group-is-layout-1c2ac5aa wp-block-group-is-layout-constrained\">\n<h2 class=\"wp-block-heading has-text-align-center\" style=\"font-size:18px;font-style:normal;font-weight:500;text-transform:capitalize\">Realizujemy przewozy \u0142adunk\u00f3w ca\u0142opojazdowych i drobnicowych na terenie Unii Europejskiej (g\u0142ownie z\/do Wielkiej Brytanii, Francji, Belgii, Holandii, Niemiec, Szwecji, Polski, S\u0142owacji, Czech, Rumunii) oraz w kierunku wschodnim i Azjatyckim (Rosja, Bia\u0142oru\u015b, Ukraina, Kazachstan, Mo\u0142dawia, Turcja).<\/h2>\n\n\n\n<div class=\"wp-block-columns is-layout-flex wp-container-core-columns-is-layout-28f84493 wp-block-columns-is-layout-flex\">\n<div class=\"wp-block-column is-layout-flow wp-block-column-is-layout-flow\">\n<div class=\"wp-block-cover is-light\" style=\"min-height:338px;aspect-ratio:unset;\"><span aria-hidden=\"true\" class=\"wp-block-cover__background has-background-dim-0 has-background-dim\"><\/span><img fetchpriority=\"high\" decoding=\"async\" width=\"768\" height=\"576\" class=\"wp-block-cover__image-background wp-image-1393\" alt=\"\" src=\"https:\/\/intradecom.com\/wp-content\/uploads\/2023\/03\/Drogowy-chlodniczy-1.jpg\" style=\"object-position:80% 54%\" data-object-fit=\"cover\" data-object-position=\"80% 54%\" srcset=\"https:\/\/intradecom.com\/wp-content\/uploads\/2023\/03\/Drogowy-chlodniczy-1.jpg 768w, https:\/\/intradecom.com\/wp-content\/uploads\/2023\/03\/Drogowy-chlodniczy-1-300x225.jpg 300w\" sizes=\"(max-width: 768px) 100vw, 768px\" \/><div class=\"wp-block-cover__inner-container is-layout-flow wp-block-cover-is-layout-flow\">\n<p class=\"has-text-align-center has-large-font-size\"><\/p>\n<\/div><\/div>\n<\/div>\n\n\n\n<div class=\"wp-block-column is-layout-flow wp-block-column-is-layout-flow\">\n<h3 class=\"wp-block-heading has-normal-font-size\">Us\u0142ugi transportowe &#8211;&nbsp;co przewozimy w&nbsp;ch\u0142odniach?<\/h3>\n\n\n\n<p class=\"has-small-font-size\">Takie us\u0142ugi obejmuj\u0105 nie tylko&nbsp;<strong>transport produkt\u00f3w mro\u017conych<\/strong>. Profesjonalny&nbsp;<strong>transport ch\u0142odniczy<\/strong>&nbsp;cz\u0119sto wykorzystuje si\u0119 do&nbsp;przewo\u017cenia \u017cywno\u015bci mro\u017conej, ale na&nbsp;tym nasza oferta si\u0119 nie ko\u0144czy. Proponujemy r\u00f3wnie\u017c&nbsp;<strong>transport \u015bwie\u017cych produkt\u00f3w<\/strong>&nbsp;spo\u017cywczych oraz transport kosmetyk\u00f3w. \u017beby Pa\u0144stwa \u0142adunki by\u0142y bezpieczne, u\u017cywamy nowoczesnych zestaw\u00f3w, takich jak naczepy typu doublecheck. Z&nbsp;ich pomoc\u0105 mo\u017cna dowolnie r\u00f3\u017cnicowa\u0107 temperatur\u0119 w&nbsp;zakresie od&nbsp;-25\u00b0C do&nbsp;+25\u00b0C. Chocia\u017c podczas realizacji zlece\u0144 korzystamy ze&nbsp;sprawdzonych, uniwersalnych procedur, do&nbsp;ka\u017cdego zadania staramy si\u0119 podchodzi\u0107 indywidualnie. W&nbsp;efekcie otaczamy optymaln\u0105 opiek\u0105 ka\u017cdy \u0142adunek, kt\u00f3ry powierzaj\u0105 nam Pa\u0144stwo do&nbsp;transportu.<\/p>\n<\/div>\n<\/div>\n<\/div>\n\n\n\n<hr class=\"wp-block-separator has-alpha-channel-opacity is-style-dots\"\/>\n\n\n\n<div class=\"wp-block-group is-layout-constrained wp-container-core-group-is-layout-1c2ac5aa wp-block-group-is-layout-constrained\">\n<h2 class=\"wp-block-heading has-text-align-center\" style=\"font-size:18px;font-style:normal;font-weight:500;text-transform:capitalize\">Oferujemy Pa\u0144stwu powierzchnie sk\u0142adowe w Polsce, Rosji, Ukrainie na magazynach czasowego sk\u0142adowania a tak\u017ce sk\u0142adach i magazynach celnych. Roz\u0142adujemy, za\u0142adujemy i przechowamy ka\u017cdy towar, zar\u00f3wno neutralny, jak i niebezpieczny lub ch\u0142odniczy.<\/h2>\n\n\n\n<div class=\"wp-block-columns is-layout-flex wp-container-core-columns-is-layout-28f84493 wp-block-columns-is-layout-flex\">\n<div class=\"wp-block-column is-layout-flow wp-block-column-is-layout-flow\">\n<div class=\"wp-block-cover is-light\" style=\"min-height:436px;aspect-ratio:unset;\"><span aria-hidden=\"true\" class=\"wp-block-cover__background has-background-dim-0 has-background-dim\"><\/span><img decoding=\"async\" width=\"506\" height=\"337\" class=\"wp-block-cover__image-background wp-image-1396\" alt=\"\" src=\"https:\/\/intradecom.com\/wp-content\/uploads\/2023\/03\/chlodnictwo4.jpg\" style=\"object-position:82% 42%\" data-object-fit=\"cover\" data-object-position=\"82% 42%\" srcset=\"https:\/\/intradecom.com\/wp-content\/uploads\/2023\/03\/chlodnictwo4.jpg 506w, https:\/\/intradecom.com\/wp-content\/uploads\/2023\/03\/chlodnictwo4-300x200.jpg 300w\" sizes=\"(max-width: 506px) 100vw, 506px\" \/><div class=\"wp-block-cover__inner-container is-layout-flow wp-block-cover-is-layout-flow\">\n<p class=\"has-text-align-center has-large-font-size\"><\/p>\n<\/div><\/div>\n<\/div>\n\n\n\n<div class=\"wp-block-column is-layout-flow wp-block-column-is-layout-flow\">\n<h3 class=\"wp-block-heading has-normal-font-size\">Us\u0142ugi magazynowania i sk\u0142adowania  &#8211; jak to robimy.<\/h3>\n\n\n\n<p class=\"has-small-font-size\">Dostarczaj\u0105c \u0142adunki do magazyn\u00f3w, nauczyli\u015bmy si\u0119 jak ustawia\u0107 procesy oraz ustala\u0107 priorytety, tak aby zapewni\u0107 bezproblemow\u0105 obs\u0142ug\u0119 operacji logistycznych. <strong>Magazynowanie i dystrybucja&nbsp;<\/strong>towar\u00f3w s\u0105 procesami, z kt\u00f3rymi ma styczno\u015b\u0107 wi\u0119kszo\u015b\u0107 polskich i zagranicznych przedsi\u0119biorstw. Sama produkcja jest niezwykle istotna, jednak na efektywn\u0105 sprzeda\u017c sk\u0142adaj\u0105 si\u0119 te\u017c inne czynniki, takie jak&nbsp;<strong>sk\u0142adowanie<\/strong>, od kt\u00f3rego zale\u017cy szybko\u015b\u0107 dostaw. Zastanawiasz si\u0119,&nbsp;<strong>co to jest magazynowanie<\/strong>?&nbsp;<strong>Magazynowanie to&nbsp;<\/strong>nic innego, jak zesp\u00f3\u0142 czynno\u015bci obejmuj\u0105cych zarz\u0105dzanie towarami od momentu ich przyj\u0119cia a\u017c do czasu wydania \u0142adunku do dalszego transportu. <br>Dysponujemy:<br>* Terminalami prze\u0142adunkowymi;<br>* \u015awietn\u0105 organizacj\u0105 zaplecza magazynowego;<br>* Rampami za\u0142adunkowymi o zr\u00f3\u017cnicowanej wysoko\u015bci;<br>* Komorami ch\u0142odniczymi.<\/p>\n<\/div>\n<\/div>\n<\/div>\n\n\n\n<hr class=\"wp-block-separator aligncenter has-alpha-channel-opacity is-style-dots\"\/>\n\n\n\n<div class=\"wp-block-group is-layout-constrained wp-container-core-group-is-layout-1c2ac5aa wp-block-group-is-layout-constrained\">\n<h2 class=\"wp-block-heading has-text-align-center\" style=\"font-size:18px;font-style:normal;font-weight:500;text-transform:capitalize\"><strong>Kompleksowo reprezentujemy interesy naszych Klient\u00f3w przed s\u0142u\u017cbami celno-skarbowymi<\/strong><\/h2>\n\n\n\n<div class=\"wp-block-columns is-layout-flex wp-container-core-columns-is-layout-28f84493 wp-block-columns-is-layout-flex\">\n<div class=\"wp-block-column is-layout-flow wp-block-column-is-layout-flow\">\n<div class=\"wp-block-cover is-light has-normal-font-size\" style=\"padding-top:var(--wp--preset--spacing--20);padding-right:var(--wp--preset--spacing--20);padding-bottom:var(--wp--preset--spacing--20);padding-left:var(--wp--preset--spacing--20);min-height:436px;aspect-ratio:unset;\"><span aria-hidden=\"true\" class=\"wp-block-cover__background has-background-dim-0 has-background-dim\"><\/span><img decoding=\"async\" width=\"700\" height=\"421\" class=\"wp-block-cover__image-background wp-image-1399\" alt=\"\" src=\"https:\/\/intradecom.com\/wp-content\/uploads\/2023\/03\/gr_1.png\" style=\"object-position:70% 48%\" data-object-fit=\"cover\" data-object-position=\"70% 48%\" srcset=\"https:\/\/intradecom.com\/wp-content\/uploads\/2023\/03\/gr_1.png 700w, https:\/\/intradecom.com\/wp-content\/uploads\/2023\/03\/gr_1-300x180.png 300w\" sizes=\"(max-width: 700px) 100vw, 700px\" \/><div class=\"wp-block-cover__inner-container is-layout-flow wp-block-cover-is-layout-flow\">\n<p class=\"has-text-align-center has-large-font-size\"><\/p>\n<\/div><\/div>\n<\/div>\n\n\n\n<div class=\"wp-block-column is-layout-flow wp-block-column-is-layout-flow\">\n<h3 class=\"wp-block-heading has-normal-font-size\">Us\u0142ugi celne &#8211; co oferujemy.<\/h3>\n\n\n\n<p class=\"has-small-font-size\">Ci\u0105g\u0142e \u015bledzenie zmian w ustawodawstwie celno-podatkowym, do\u015bwiadczona kadra agent\u00f3w celnych, znajomo\u015b\u0107 specyfiki rynku wschodniego \u2013 wszystko to gwarantuje naszym Klientom pewno\u015b\u0107 w nale\u017cytym traktowaniu przesy\u0142ki.<br><strong>Naszym Klientom zawsze zalecamy bie\u017c\u0105ce konsultacje maj\u0105ce na&nbsp;celu wcze\u015bniejsz\u0105 weryfikacj\u0119 dokument\u00f3w handlowych i&nbsp;towarzysz\u0105cych oraz wymog\u00f3w jakie panuj\u0105 w&nbsp;kraju eksportera\/importera.<\/strong>&nbsp;Dzi\u0119ki takiemu podej\u015bciu ograniczamy do&nbsp;minimum ryzyko ewentualnych op\u00f3\u017anie\u0144 wynikaj\u0105cych z&nbsp;brak\u00f3w i&nbsp;pomy\u0142ek dokumentacyjnych.<br><strong>Wsp\u00f3\u0142pracuj\u0105ce z nami agencje celne oferuj\u0105:<\/strong><br>&#8211; oferujemy pe\u0142n\u0105 gam\u0119 procedur celnych;<br>&#8211; oferujemy obs\u0142ug\u0119 przesy\u0142ek b\u0119d\u0105cych na&nbsp;sk\u0142adach i&nbsp;magazynach celnych;<br>&#8211; oferujemy Pa\u0144stwu odprawy importowe, eksportowe, tranzytowe;<br>&#8211; profesjonalne doradztwo z&nbsp;zakresu celno \u2013&nbsp;skarbowego.<\/p>\n<\/div>\n<\/div>\n<\/div>\n","protected":false},"excerpt":{"rendered":"<p>Realizujemy przewozy \u0142adunk\u00f3w ca\u0142opojazdowych i drobnicowych na terenie Unii Europejskiej (g\u0142ownie z\/do Wielkiej Brytanii, Francji, Belgii, Holandii, Niemiec, Szwecji, Polski, S\u0142owacji, Czech, Rumunii) oraz w kierunku wschodnim i Azjatyckim (Rosja, Bia\u0142oru\u015b, Ukraina, Kazachstan, Mo\u0142dawia, Turcja). Us\u0142ugi transportowe &#8211;&nbsp;co przewozimy w&nbsp;ch\u0142odniach? Takie us\u0142ugi obejmuj\u0105 nie tylko&nbsp;transport produkt\u00f3w mro\u017conych. Profesjonalny&nbsp;transport ch\u0142odniczy&nbsp;cz\u0119sto wykorzystuje si\u0119 do&nbsp;przewo\u017cenia \u017cywno\u015bci mro\u017conej, ale [&hellip;]<\/p>\n","protected":false},"author":1,"featured_media":0,"parent":0,"menu_order":0,"comment_status":"closed","ping_status":"closed","template":"wlasny-en","meta":{"_themeisle_gutenberg_block_has_review":false,"_locale":"en_GB","_original_post":"http:\/\/intradecom.com\/?page_id=1215","footnotes":""},"class_list":["post-2204","page","type-page","status-publish","hentry","en-GB"],"_links":{"self":[{"href":"https:\/\/intradecom.com\/wp-json\/wp\/v2\/pages\/2204","targetHints":{"allow":["GET"]}}],"collection":[{"href":"https:\/\/intradecom.com\/wp-json\/wp\/v2\/pages"}],"about":[{"href":"https:\/\/intradecom.com\/wp-json\/wp\/v2\/types\/page"}],"author":[{"embeddable":true,"href":"https:\/\/intradecom.com\/wp-json\/wp\/v2\/users\/1"}],"replies":[{"embeddable":true,"href":"https:\/\/intradecom.com\/wp-json\/wp\/v2\/comments?post=2204"}],"version-history":[{"count":2,"href":"https:\/\/intradecom.com\/wp-json\/wp\/v2\/pages\/2204\/revisions"}],"predecessor-version":[{"id":2628,"href":"https:\/\/intradecom.com\/wp-json\/wp\/v2\/pages\/2204\/revisions\/2628"}],"wp:attachment":[{"href":"https:\/\/intradecom.com\/wp-json\/wp\/v2\/media?parent=2204"}],"curies":[{"name":"wp","href":"https:\/\/api.w.org\/{rel}","templated":true}]}}