{"id":2189,"date":"2023-04-05T11:08:47","date_gmt":"2023-04-05T09:08:47","guid":{"rendered":"http:\/\/intradecom.com\/?page_id=2189"},"modified":"2023-04-07T16:02:46","modified_gmt":"2023-04-07T14:02:46","slug":"privacy","status":"publish","type":"page","link":"https:\/\/intradecom.com\/en\/privacy\/","title":{"rendered":"Privacy policy"},"content":{"rendered":"\n<p>Zgodnie z art. 13 ust. 1 i 2 rozporz\u0105dzenia Parlamentu Europejskiego i Rady (UE) 2016\/679 z dnia 27 kwietnia 2016 r. w sprawie ochrony os\u00f3b fizycznych w zwi\u0105zku z przetwarzaniem danych osobowych i w sprawie swobodnego przep\u0142ywu takich danych oraz uchylenia dyrektywy 95\/46\/WE (og\u00f3lne rozporz\u0105dzenie o ochronie danych) (Dz. Urz. UE L 119 z 04.05.2016, str. 1), dalej \u201eRODO\u201d, informuj\u0119, \u017ce:<\/p>\n\n\n\n<p>Administratorem Pana\/Pani danych osobowych jest Intradecom Sp. z o.o. z siedzib\u0105 pod adresem: ul. Cybernetyki 3c lok. 12, 02-677 Warszawa, Polska, NIP: 7010072393, REGON: 140996666 (dalej jako: \u201eSp\u00f3\u0142ka\u201d). Wszelkie kwestie dotycz\u0105ce danych osobowych mo\u017cna kierowa\u0107 na e-mail: intradecom@intradecom.com.pl, adres siedziby wskazany wy\u017cej lub pod numer telefonu: 22\/241-15-90<\/p>\n\n\n\n<p>Cel przetwarzania danych:<\/p>\n\n\n\n<p>Je\u017celi jest Pan\/Pani osob\u0105 fizyczn\u0105 prowadz\u0105c\u0105 jednoosobow\u0105 dzia\u0142alno\u015b\u0107 gospodarcz\u0105, to Pana\/Pani dane osobowe b\u0119d\u0105 przetwarzane w celu niezb\u0119dnym do (A) podj\u0119cia dzia\u0142a\u0144 przed zawarciem z Pani\u0105\/Panem umowy, (B) w celu realizacji umowy je\u017celi dosz\u0142o do jej zawarcia i dochodzenia ewentualnych nale\u017cno\u015bci oraz (C) celach realizacji obowi\u0105zk\u00f3w wynikaj\u0105cych z prawa podatkowego i przepis\u00f3w o rachunkowo\u015bci.<\/p>\n\n\n\n<p>Je\u017celi jest Pan\/Pani osob\u0105 reprezentuj\u0105c\u0105 kontrahenta Sp\u00f3\u0142ki, wyznaczon\u0105 do kontaktu ze Sp\u00f3\u0142k\u0105, to Pana\/Pani dane osobowe b\u0119d\u0105 przetwarzane w celach wynikaj\u0105cych z prawnie uzasadnionych interes\u00f3w realizowanych przez Sp\u00f3\u0142k\u0119, zapewnienia kontaktu z kontrahentem oraz weryfikacji czy osoba, kt\u00f3ra kontaktuje si\u0119 ze Sp\u00f3\u0142k\u0105, jest uprawniona do podejmowania czynno\u015bci w imieniu kontrahenta, a tak\u017ce: (A) w celu realizacji umowy pomi\u0119dzy Sp\u00f3\u0142k\u0105 a reprezentowanym przez Pani\u0105\/Pana podmiotem i (B) celach realizacji obowi\u0105zk\u00f3w wynikaj\u0105cych z prawa podatkowego i przepis\u00f3w o rachunkowo\u015bci.&nbsp;<\/p>\n\n\n\n<p>Je\u017celi jest Pan\/Pani osob\u0105 fizyczn\u0105 prowadz\u0105c\u0105 jednoosobow\u0105 dzia\u0142alno\u015b\u0107 gospodarcz\u0105, to ma Pan\/Pani prawo do: dost\u0119pu do swoich danych osobowych, sprostowania danych osobowych, usuni\u0119cia danych osobowych, ograniczenia przetwarzania danych osobowych, przenoszenia danych, obejmuj\u0105ce uprawnienie do otrzymania danych i przes\u0142ania ich innemu administratorowi lub do \u017c\u0105dania, w razie mo\u017cliwo\u015bci technicznych, przes\u0142ania tych danych bezpo\u015brednio innemu administratorowi, wniesienia sprzeciwu wobec przetwarzania danych osobowych, wniesienia skargi do organu nadzorczego w zakresie ochrony danych osobowych.<\/p>\n\n\n\n<p>Je\u017celi jest Pan\/Pani osob\u0105 reprezentuj\u0105c\u0105 kontrahenta, to ma Pan\/Pani prawo do: dost\u0119pu do swoich danych osobowych, sprostowania danych osobowych, usuni\u0119cia danych osobowych, ograniczenia przetwarzania danych osobowych, wniesienia sprzeciwu wobec przetwarzania danych osobowych, wniesienia skargi do organu nadzorczego w zakresie ochrony danych osobowych.<\/p>\n\n\n\n<p>Podanie danych osobowych jest dobrowolne, ale niezb\u0119dne do zawarcia umowy ze Sp\u00f3\u0142k\u0105.<\/p>\n\n\n\n<p>Podstawa prawna:<\/p>\n\n\n\n<p>Art. 6 ust. 1 lit. b) rozporz\u0105dzenia Parlamentu Europejskiego i Rady (UE) 2016\/679 z dnia 27 kwietnia 2016 r. w sprawie ochrony os\u00f3b fizycznych w zwi\u0105zku z przetwarzaniem danych osobowych i w sprawie swobodnego przep\u0142ywu takich danych oraz uchylenia dyrektywy 95\/46\/WE (og\u00f3lne rozporz\u0105dzenie o ochronie danych). Art. 6 ust. 1 lit. c) RODO Art. 6 ust. 1 lit. f) RODO<\/p>\n","protected":false},"excerpt":{"rendered":"<p>Zgodnie z art. 13 ust. 1 i 2 rozporz\u0105dzenia Parlamentu Europejskiego i Rady (UE) 2016\/679 z dnia 27 kwietnia 2016 r. w sprawie ochrony os\u00f3b fizycznych w zwi\u0105zku z przetwarzaniem danych osobowych i w sprawie swobodnego przep\u0142ywu takich danych oraz uchylenia dyrektywy 95\/46\/WE (og\u00f3lne rozporz\u0105dzenie o ochronie danych) (Dz. Urz. UE L 119 z 04.05.2016, [&hellip;]<\/p>\n","protected":false},"author":1,"featured_media":0,"parent":0,"menu_order":0,"comment_status":"closed","ping_status":"closed","template":"wlasny-en","meta":{"_themeisle_gutenberg_block_has_review":false,"_locale":"en_GB","_original_post":"http:\/\/intradecom.com\/?page_id=803","footnotes":""},"class_list":["post-2189","page","type-page","status-publish","hentry","en-GB"],"_links":{"self":[{"href":"https:\/\/intradecom.com\/wp-json\/wp\/v2\/pages\/2189","targetHints":{"allow":["GET"]}}],"collection":[{"href":"https:\/\/intradecom.com\/wp-json\/wp\/v2\/pages"}],"about":[{"href":"https:\/\/intradecom.com\/wp-json\/wp\/v2\/types\/page"}],"author":[{"embeddable":true,"href":"https:\/\/intradecom.com\/wp-json\/wp\/v2\/users\/1"}],"replies":[{"embeddable":true,"href":"https:\/\/intradecom.com\/wp-json\/wp\/v2\/comments?post=2189"}],"version-history":[{"count":1,"href":"https:\/\/intradecom.com\/wp-json\/wp\/v2\/pages\/2189\/revisions"}],"predecessor-version":[{"id":2190,"href":"https:\/\/intradecom.com\/wp-json\/wp\/v2\/pages\/2189\/revisions\/2190"}],"wp:attachment":[{"href":"https:\/\/intradecom.com\/wp-json\/wp\/v2\/media?parent=2189"}],"curies":[{"name":"wp","href":"https:\/\/api.w.org\/{rel}","templated":true}]}}